{"id":147,"date":"2020-08-02T08:42:40","date_gmt":"2020-08-02T06:42:40","guid":{"rendered":"http:\/\/www.dadada.it\/?page_id=147"},"modified":"2021-06-03T19:37:36","modified_gmt":"2021-06-03T17:37:36","slug":"storia","status":"publish","type":"page","link":"https:\/\/www.dadada.it\/?page_id=147","title":{"rendered":"STORIA"},"content":{"rendered":"\t\t<div data-elementor-type=\"wp-page\" data-elementor-id=\"147\" class=\"elementor elementor-147\" data-elementor-post-type=\"page\">\n\t\t\t\t\t\t<section class=\"elementor-section elementor-top-section elementor-element elementor-element-2a15a7fa elementor-section-full_width elementor-section-height-default elementor-section-height-default\" data-id=\"2a15a7fa\" data-element_type=\"section\" data-settings=\"{&quot;background_background&quot;:&quot;classic&quot;}\">\n\t\t\t\t\t\t\t<div class=\"elementor-background-overlay\"><\/div>\n\t\t\t\t\t\t\t<div class=\"elementor-container elementor-column-gap-default\">\n\t\t\t\t\t<div class=\"elementor-column elementor-col-33 elementor-top-column elementor-element elementor-element-5879ef89\" data-id=\"5879ef89\" data-element_type=\"column\" data-settings=\"{&quot;background_background&quot;:&quot;classic&quot;}\">\n\t\t\t<div class=\"elementor-widget-wrap elementor-element-populated\">\n\t\t\t\t\t<div class=\"elementor-background-overlay\"><\/div>\n\t\t\t\t\t\t<div class=\"elementor-element elementor-element-e929bb5 elementor-widget elementor-widget-spacer\" data-id=\"e929bb5\" data-element_type=\"widget\" data-widget_type=\"spacer.default\">\n\t\t\t\t<div class=\"elementor-widget-container\">\n\t\t\t\t\t\t\t<div class=\"elementor-spacer\">\n\t\t\t<div class=\"elementor-spacer-inner\"><\/div>\n\t\t<\/div>\n\t\t\t\t\t\t<\/div>\n\t\t\t\t<\/div>\n\t\t\t\t\t<\/div>\n\t\t<\/div>\n\t\t\t\t<div class=\"elementor-column elementor-col-33 elementor-top-column elementor-element elementor-element-26bb61bb\" data-id=\"26bb61bb\" data-element_type=\"column\" data-settings=\"{&quot;background_background&quot;:&quot;classic&quot;}\">\n\t\t\t<div class=\"elementor-widget-wrap elementor-element-populated\">\n\t\t\t\t\t\t<section class=\"elementor-section elementor-inner-section elementor-element elementor-element-bee3c4d elementor-section-boxed elementor-section-height-default elementor-section-height-default\" data-id=\"bee3c4d\" data-element_type=\"section\">\n\t\t\t\t\t\t<div class=\"elementor-container elementor-column-gap-default\">\n\t\t\t\t\t<div class=\"elementor-column elementor-col-100 elementor-inner-column elementor-element elementor-element-4f11a739\" data-id=\"4f11a739\" data-element_type=\"column\">\n\t\t\t<div class=\"elementor-widget-wrap elementor-element-populated\">\n\t\t\t\t\t\t<div class=\"elementor-element elementor-element-33e3eaa3 envato-kit-138-bracket elementor-widget elementor-widget-heading\" data-id=\"33e3eaa3\" data-element_type=\"widget\" data-widget_type=\"heading.default\">\n\t\t\t\t<div class=\"elementor-widget-container\">\n\t\t\t\t\t<h3 class=\"elementor-heading-title elementor-size-default\">dadada beachvillage<\/h3>\t\t\t\t<\/div>\n\t\t\t\t<\/div>\n\t\t\t\t<div class=\"elementor-element elementor-element-4b2b97e2 elementor-widget elementor-widget-heading\" data-id=\"4b2b97e2\" data-element_type=\"widget\" data-widget_type=\"heading.default\">\n\t\t\t\t<div class=\"elementor-widget-container\">\n\t\t\t\t\t<h2 class=\"elementor-heading-title elementor-size-default\">Storia<\/h2>\t\t\t\t<\/div>\n\t\t\t\t<\/div>\n\t\t\t\t<div class=\"elementor-element elementor-element-dd6be99 elementor-widget-divider--view-line elementor-widget elementor-widget-divider\" data-id=\"dd6be99\" data-element_type=\"widget\" data-widget_type=\"divider.default\">\n\t\t\t\t<div class=\"elementor-widget-container\">\n\t\t\t\t\t\t\t<div class=\"elementor-divider\">\n\t\t\t<span class=\"elementor-divider-separator\">\n\t\t\t\t\t\t<\/span>\n\t\t<\/div>\n\t\t\t\t\t\t<\/div>\n\t\t\t\t<\/div>\n\t\t\t\t<div class=\"elementor-element elementor-element-4aea809b elementor-widget elementor-widget-text-editor\" data-id=\"4aea809b\" data-element_type=\"widget\" data-widget_type=\"text-editor.default\">\n\t\t\t\t<div class=\"elementor-widget-container\">\n\t\t\t\t\t\t\t\t\t<p>Il Dadada Beach Village \u00e8 un\u2019idea e una creatura di Roberto Talarico, imprenditore visionario catanzarese.<\/p>\t\t\t\t\t\t\t\t<\/div>\n\t\t\t\t<\/div>\n\t\t\t\t\t<\/div>\n\t\t<\/div>\n\t\t\t\t\t<\/div>\n\t\t<\/section>\n\t\t\t\t<div class=\"elementor-element elementor-element-238e03e8 elementor-widget elementor-widget-spacer\" data-id=\"238e03e8\" data-element_type=\"widget\" data-widget_type=\"spacer.default\">\n\t\t\t\t<div class=\"elementor-widget-container\">\n\t\t\t\t\t\t\t<div class=\"elementor-spacer\">\n\t\t\t<div class=\"elementor-spacer-inner\"><\/div>\n\t\t<\/div>\n\t\t\t\t\t\t<\/div>\n\t\t\t\t<\/div>\n\t\t\t\t<section class=\"elementor-section elementor-inner-section elementor-element elementor-element-4cde6d1d elementor-section-boxed elementor-section-height-default elementor-section-height-default\" data-id=\"4cde6d1d\" data-element_type=\"section\">\n\t\t\t\t\t\t<div class=\"elementor-container elementor-column-gap-default\">\n\t\t\t\t\t<div class=\"elementor-column elementor-col-50 elementor-inner-column elementor-element elementor-element-7c427fef\" data-id=\"7c427fef\" data-element_type=\"column\">\n\t\t\t<div class=\"elementor-widget-wrap elementor-element-populated\">\n\t\t\t\t\t\t<div class=\"elementor-element elementor-element-2267c077 envato-kit-138-bracket elementor-widget elementor-widget-heading\" data-id=\"2267c077\" data-element_type=\"widget\" data-widget_type=\"heading.default\">\n\t\t\t\t<div class=\"elementor-widget-container\">\n\t\t\t\t\t<h3 class=\"elementor-heading-title elementor-size-default\">roberto talarico<\/h3>\t\t\t\t<\/div>\n\t\t\t\t<\/div>\n\t\t\t\t\t<\/div>\n\t\t<\/div>\n\t\t\t\t<div class=\"elementor-column elementor-col-50 elementor-inner-column elementor-element elementor-element-65c0218a\" data-id=\"65c0218a\" data-element_type=\"column\">\n\t\t\t<div class=\"elementor-widget-wrap elementor-element-populated\">\n\t\t\t\t\t\t<div class=\"elementor-element elementor-element-3d6ba37b elementor-widget elementor-widget-text-editor\" data-id=\"3d6ba37b\" data-element_type=\"widget\" data-widget_type=\"text-editor.default\">\n\t\t\t\t<div class=\"elementor-widget-container\">\n\t\t\t\t\t\t\t\t\t<p>Roberto Talarico -come egli stesso ama dire di s\u00e9- ha vissuto pi\u00f9 vite. E\u2019 stato pittore, ultras, art director, pubblicitario, imprenditore, politico, editore, per essere sintetici. Un soggetto poliedrico nato sotto il segno dei gemelli, creativo ed imprevedibile. La sua filosofia di vita \u00e8 quella di voler raggiungere sempre e comunque l\u2019impossibile. Ai suoi occhi, la realt\u00e0 \u00e8 oggettivamente noiosa e la Calabria, terra in cui ha scelto di vivere, ha un andamento troppo regolare da essere sopportato in modo indolore; cos\u00ec la ricerca di nuove emozioni si traduce per Roberto nella ricerca di nuove esperienze, idee inedite, non soltanto in Calabria ma su tutte le latitudini. Certo, nessuno pu\u00f2 ritenersi responsabile per le situazioni che eredita o del contesto sociale in cui vive, ma \u00e8 sicuramente responsabile se non fa nulla per cambiare la rotta. Questo elemento \u00e8 senza dubbio caratterizzante nel percorso di vita di Roberto Talarico, perch\u00e9 in ogni sua azione o iniziativa \u00e8 idea di sviluppo, di progresso e di miglioramento della mentalit\u00e0 collettiva, senza tacere, senza mai abbassare la testa, senza piegarsi alla cultura dominante. Un carattere, il suo, che gli ha consentito di camminare sempre a testa alta pur pagando a caro prezzo scelte difficili (ma che non hanno mai intaccato la sua voglia di vivere con il sorriso), seppur contro le correnti di pensiero comune. Del resto, rincorrere il pensiero della massa sarebbe la scelta pi\u00f9 semplice, ma non porta lontano. Coccolare le proprie peculiarit\u00e0 porta a raggiungere traguardi importanti.\u00a0<\/p><p>Un karma continuo nella logica dell\u2019agire per fare senza mai fermarsi, senza pause, senza rincorrere la ricchezza, ma secondo il desiderio di misurarsi sempre in nuove sfide che possano generare sviluppo e benessere collettivo. Un concetto astratto nell\u2019attuale logica capitalistica, ma che misura quanto ognuno produce per il futuro -non quanto accumula per il presente-.<\/p><p>La musa ispiratrice ha sempre accompagnato Roberto Talarico suggerendogli di non avere mai paura di nulla, e la sua frenesia \u00e8 dettata dal fatto di non sprecare il tempo ma di poterlo usare tutto per cercare di raggiungere tutto quanto si desideri. Del resto, se\u00a0nel mondo il criterio del contributo alla societ\u00e0 fosse misurato con l\u2019apporto che ogni singolo individuo riuscisse a dare nella proporzioni delle capacit\u00e0, l\u2019attuale societ\u00e0 sarebbe migliore: una teoria che Roberto Talarico applica senza per\u00f2 essere affamato, unico o diverso, ma probabilmente in anticipo di qualche decennio o forse peggio di qualche secolo rispetto all\u2019andamento generale, secondo cui si continua a misurare il successo solo premiando l\u2019aspetto economico e la capacit\u00e0 di cumulare ricchezza continuando ad essere schiavo del passato e vivendo giorni che non contano nulla e perdendo momenti che significano tutto.<\/p>\t\t\t\t\t\t\t\t<\/div>\n\t\t\t\t<\/div>\n\t\t\t\t\t<\/div>\n\t\t<\/div>\n\t\t\t\t\t<\/div>\n\t\t<\/section>\n\t\t\t\t<section class=\"elementor-section elementor-inner-section elementor-element elementor-element-17ad13f7 elementor-section-boxed elementor-section-height-default elementor-section-height-default\" data-id=\"17ad13f7\" data-element_type=\"section\">\n\t\t\t\t\t\t<div class=\"elementor-container elementor-column-gap-default\">\n\t\t\t\t\t<div class=\"elementor-column elementor-col-50 elementor-inner-column elementor-element elementor-element-6c9b1b0a\" data-id=\"6c9b1b0a\" data-element_type=\"column\">\n\t\t\t<div class=\"elementor-widget-wrap elementor-element-populated\">\n\t\t\t\t\t\t<div class=\"elementor-element elementor-element-55d34a8 envato-kit-138-bracket elementor-widget elementor-widget-heading\" data-id=\"55d34a8\" data-element_type=\"widget\" data-widget_type=\"heading.default\">\n\t\t\t\t<div class=\"elementor-widget-container\">\n\t\t\t\t\t<h3 class=\"elementor-heading-title elementor-size-default\">nasce il dadada<\/h3>\t\t\t\t<\/div>\n\t\t\t\t<\/div>\n\t\t\t\t\t<\/div>\n\t\t<\/div>\n\t\t\t\t<div class=\"elementor-column elementor-col-50 elementor-inner-column elementor-element elementor-element-78aafee1\" data-id=\"78aafee1\" data-element_type=\"column\">\n\t\t\t<div class=\"elementor-widget-wrap elementor-element-populated\">\n\t\t\t\t\t\t<div class=\"elementor-element elementor-element-ae49363 elementor-widget elementor-widget-text-editor\" data-id=\"ae49363\" data-element_type=\"widget\" data-widget_type=\"text-editor.default\">\n\t\t\t\t<div class=\"elementor-widget-container\">\n\t\t\t\t\t\t\t\t\t<p>Nasce cos\u00ec molti anni fa il progetto di uno stabilimento balneare che sia molto di pi\u00f9 di un semplice lido sul mare. Il Dadada \u00e8 la realizzazione massima della filosofia e dello stile di vita di Roberto Talarico e rappresenta, in un unico \u201ccontenitore\u201d, il progetto di condivisione collettiva, benessere sociale, che si traduce in festa, relax, buona alimentazione, sport, musica, in un\u2019unica parola: la felicit\u00e0. Quella vera.<\/p><p>Roberto Talarico si potrebbe definire un pioniere del futuro: il vero numero due in un mondo di numeri uno.<\/p>\t\t\t\t\t\t\t\t<\/div>\n\t\t\t\t<\/div>\n\t\t\t\t\t<\/div>\n\t\t<\/div>\n\t\t\t\t\t<\/div>\n\t\t<\/section>\n\t\t\t\t\t<\/div>\n\t\t<\/div>\n\t\t\t\t<div class=\"elementor-column elementor-col-33 elementor-top-column elementor-element elementor-element-2d166342\" data-id=\"2d166342\" data-element_type=\"column\">\n\t\t\t<div class=\"elementor-widget-wrap elementor-element-populated\">\n\t\t\t\t\t\t<div class=\"elementor-element elementor-element-7d55305c elementor-widget elementor-widget-spacer\" data-id=\"7d55305c\" data-element_type=\"widget\" data-widget_type=\"spacer.default\">\n\t\t\t\t<div class=\"elementor-widget-container\">\n\t\t\t\t\t\t\t<div class=\"elementor-spacer\">\n\t\t\t<div class=\"elementor-spacer-inner\"><\/div>\n\t\t<\/div>\n\t\t\t\t\t\t<\/div>\n\t\t\t\t<\/div>\n\t\t\t\t\t<\/div>\n\t\t<\/div>\n\t\t\t\t\t<\/div>\n\t\t<\/section>\n\t\t\t\t<\/div>\n\t\t","protected":false},"excerpt":{"rendered":"<p>dadada beachvillage Storia Il Dadada Beach Village \u00e8 un\u2019idea e una creatura di Roberto Talarico, imprenditore visionario catanzarese. roberto talarico Roberto Talarico -come egli stesso ama dire di s\u00e9- ha vissuto pi\u00f9 vite. E\u2019 stato pittore, ultras, art director, pubblicitario, imprenditore, politico, editore, per essere sintetici. Un soggetto poliedrico nato sotto il segno dei gemelli, [&hellip;]<\/p>\n","protected":false},"author":1,"featured_media":0,"parent":0,"menu_order":0,"comment_status":"closed","ping_status":"closed","template":"elementor_header_footer","meta":{"ocean_post_layout":"full-width","ocean_both_sidebars_style":"","ocean_both_sidebars_content_width":0,"ocean_both_sidebars_sidebars_width":0,"ocean_sidebar":"0","ocean_second_sidebar":"0","ocean_disable_margins":"enable","ocean_add_body_class":"","ocean_shortcode_before_top_bar":"","ocean_shortcode_after_top_bar":"","ocean_shortcode_before_header":"","ocean_shortcode_after_header":"","ocean_has_shortcode":"","ocean_shortcode_after_title":"","ocean_shortcode_before_footer_widgets":"","ocean_shortcode_after_footer_widgets":"","ocean_shortcode_before_footer_bottom":"","ocean_shortcode_after_footer_bottom":"","ocean_display_top_bar":"default","ocean_display_header":"default","ocean_header_style":"","ocean_center_header_left_menu":"0","ocean_custom_header_template":"0","ocean_custom_logo":0,"ocean_custom_retina_logo":0,"ocean_custom_logo_max_width":0,"ocean_custom_logo_tablet_max_width":0,"ocean_custom_logo_mobile_max_width":0,"ocean_custom_logo_max_height":0,"ocean_custom_logo_tablet_max_height":0,"ocean_custom_logo_mobile_max_height":0,"ocean_header_custom_menu":"0","ocean_menu_typo_font_family":"0","ocean_menu_typo_font_subset":"","ocean_menu_typo_font_size":0,"ocean_menu_typo_font_size_tablet":0,"ocean_menu_typo_font_size_mobile":0,"ocean_menu_typo_font_size_unit":"px","ocean_menu_typo_font_weight":"","ocean_menu_typo_font_weight_tablet":"","ocean_menu_typo_font_weight_mobile":"","ocean_menu_typo_transform":"","ocean_menu_typo_transform_tablet":"","ocean_menu_typo_transform_mobile":"","ocean_menu_typo_line_height":0,"ocean_menu_typo_line_height_tablet":0,"ocean_menu_typo_line_height_mobile":0,"ocean_menu_typo_line_height_unit":"","ocean_menu_typo_spacing":0,"ocean_menu_typo_spacing_tablet":0,"ocean_menu_typo_spacing_mobile":0,"ocean_menu_typo_spacing_unit":"","ocean_menu_link_color":"","ocean_menu_link_color_hover":"","ocean_menu_link_color_active":"","ocean_menu_link_background":"","ocean_menu_link_hover_background":"","ocean_menu_link_active_background":"","ocean_menu_social_links_bg":"","ocean_menu_social_hover_links_bg":"","ocean_menu_social_links_color":"","ocean_menu_social_hover_links_color":"","ocean_disable_title":"on","ocean_disable_heading":"default","ocean_post_title":"","ocean_post_subheading":"","ocean_post_title_style":"","ocean_post_title_background_color":"","ocean_post_title_background":0,"ocean_post_title_bg_image_position":"","ocean_post_title_bg_image_attachment":"","ocean_post_title_bg_image_repeat":"","ocean_post_title_bg_image_size":"","ocean_post_title_height":0,"ocean_post_title_bg_overlay":0.5,"ocean_post_title_bg_overlay_color":"","ocean_disable_breadcrumbs":"default","ocean_breadcrumbs_color":"","ocean_breadcrumbs_separator_color":"","ocean_breadcrumbs_links_color":"","ocean_breadcrumbs_links_hover_color":"","ocean_display_footer_widgets":"default","ocean_display_footer_bottom":"default","ocean_custom_footer_template":"0","footnotes":""},"class_list":["post-147","page","type-page","status-publish","hentry","entry"],"_links":{"self":[{"href":"https:\/\/www.dadada.it\/index.php?rest_route=\/wp\/v2\/pages\/147"}],"collection":[{"href":"https:\/\/www.dadada.it\/index.php?rest_route=\/wp\/v2\/pages"}],"about":[{"href":"https:\/\/www.dadada.it\/index.php?rest_route=\/wp\/v2\/types\/page"}],"author":[{"embeddable":true,"href":"https:\/\/www.dadada.it\/index.php?rest_route=\/wp\/v2\/users\/1"}],"replies":[{"embeddable":true,"href":"https:\/\/www.dadada.it\/index.php?rest_route=%2Fwp%2Fv2%2Fcomments&post=147"}],"version-history":[{"count":20,"href":"https:\/\/www.dadada.it\/index.php?rest_route=\/wp\/v2\/pages\/147\/revisions"}],"predecessor-version":[{"id":534,"href":"https:\/\/www.dadada.it\/index.php?rest_route=\/wp\/v2\/pages\/147\/revisions\/534"}],"wp:attachment":[{"href":"https:\/\/www.dadada.it\/index.php?rest_route=%2Fwp%2Fv2%2Fmedia&parent=147"}],"curies":[{"name":"wp","href":"https:\/\/api.w.org\/{rel}","templated":true}]}}